{"id":69,"date":"2024-07-25T19:55:29","date_gmt":"2024-07-25T19:55:29","guid":{"rendered":"https:\/\/www.suuntanapohjoisnorja.fi\/?page_id=69"},"modified":"2024-08-21T10:49:58","modified_gmt":"2024-08-21T10:49:58","slug":"suuntana-pohjois-norja","status":"publish","type":"page","link":"https:\/\/www.suuntanapohjoisnorja.fi\/","title":{"rendered":"SUUNTANA POHJOIS NORJA"},"content":{"rendered":"\n<div class=\"wp-block-group alignfull has-global-padding is-layout-constrained wp-container-core-group-is-layout-3 wp-block-group-is-layout-constrained\" style=\"border-style:none;border-width:0px;border-radius:0px\">\n<div class=\"wp-block-cover alignfull #header-image img { border: none; }\" style=\"border-style:none;border-width:0px;padding-top:0;padding-bottom:0;min-height:600px;aspect-ratio:unset;\"><span aria-hidden=\"true\" class=\"wp-block-cover__background has-background-dim\"><\/span><img decoding=\"async\" width=\"2560\" height=\"1440\" class=\"wp-block-cover__image-background wp-image-58\" alt=\"\" src=\"https:\/\/www.suuntanapohjoisnorja.fi\/wp-content\/uploads\/2024\/07\/1-scaled.jpg\" data-object-fit=\"cover\" srcset=\"https:\/\/www.suuntanapohjoisnorja.fi\/wp-content\/uploads\/2024\/07\/1-scaled.jpg 2560w, https:\/\/www.suuntanapohjoisnorja.fi\/wp-content\/uploads\/2024\/07\/1-300x169.jpg 300w, https:\/\/www.suuntanapohjoisnorja.fi\/wp-content\/uploads\/2024\/07\/1-1024x576.jpg 1024w, https:\/\/www.suuntanapohjoisnorja.fi\/wp-content\/uploads\/2024\/07\/1-768x432.jpg 768w, https:\/\/www.suuntanapohjoisnorja.fi\/wp-content\/uploads\/2024\/07\/1-1536x864.jpg 1536w, https:\/\/www.suuntanapohjoisnorja.fi\/wp-content\/uploads\/2024\/07\/1-2048x1152.jpg 2048w\" sizes=\"(max-width: 2560px) 100vw, 2560px\" \/><div class=\"wp-block-cover__inner-container is-layout-flow wp-container-core-cover-is-layout-1 wp-block-cover-is-layout-flow\">\n<p class=\"has-text-align-center has-xx-large-font-size\"><strong>SUUNTANA POHJOIS-NORJA<\/strong><\/p>\n\n\n\n<p class=\"has-text-align-center\" style=\"font-size:clamp(1.25rem, 1.25rem + ((1vw - 0.2rem) * 1.277), 2rem);\"><strong>T\u00e4m\u00e4 sivu on tehty helpottamaan suomalaisten matkailua<br>Pohjois-Norjaan.<\/strong><\/p>\n<\/div><\/div>\n\n\n\n<div class=\"wp-block-cover alignfull is-light has-small-font-size wp-duotone-unset-2\" style=\"margin-top:var(--wp--preset--spacing--20);margin-bottom:var(--wp--preset--spacing--20);padding-top:var(--wp--preset--spacing--30);padding-right:var(--wp--preset--spacing--40);padding-bottom:var(--wp--preset--spacing--30);padding-left:var(--wp--preset--spacing--40);min-height:815px;aspect-ratio:unset;\" id=\"Suuntana\"><span aria-hidden=\"true\" class=\"wp-block-cover__background has-background-dim-100 has-background-dim\" style=\"background-color:#f4f4f4\"><\/span><div class=\"wp-block-cover__inner-container is-layout-flow wp-block-cover-is-layout-flow\">\n<div class=\"wp-block-media-text alignwide is-stacked-on-mobile is-vertically-aligned-center is-image-fill has-base-2-background-color has-background\" style=\"grid-template-columns:52% auto\"><figure class=\"wp-block-media-text__media\" style=\"background-image:url(http:\/\/www.suuntanapohjoisnorja.fi\/wp-content\/uploads\/2024\/07\/6-1024x576.jpg);background-position:0% 47%\"><img decoding=\"async\" width=\"1024\" height=\"576\" src=\"http:\/\/www.suuntanapohjoisnorja.fi\/wp-content\/uploads\/2024\/07\/6-1024x576.jpg\" alt=\"\" class=\"wp-image-79 size-full\" srcset=\"https:\/\/www.suuntanapohjoisnorja.fi\/wp-content\/uploads\/2024\/07\/6-1024x576.jpg 1024w, https:\/\/www.suuntanapohjoisnorja.fi\/wp-content\/uploads\/2024\/07\/6-300x169.jpg 300w, https:\/\/www.suuntanapohjoisnorja.fi\/wp-content\/uploads\/2024\/07\/6-768x432.jpg 768w, https:\/\/www.suuntanapohjoisnorja.fi\/wp-content\/uploads\/2024\/07\/6-1536x864.jpg 1536w, https:\/\/www.suuntanapohjoisnorja.fi\/wp-content\/uploads\/2024\/07\/6-2048x1152.jpg 2048w\" sizes=\"(max-width: 1024px) 100vw, 1024px\" \/><\/figure><div class=\"wp-block-media-text__content\">\n<p class=\"has-text-align-center\" style=\"font-size:clamp(1.502rem, 1.502rem + ((1vw - 0.2rem) * 1.699), 2.5rem);\"><strong>METS\u00c4ST\u00c4M\u00c4\u00c4N POHJOIS<br>NORJAAN?<\/strong><\/p>\n\n\n\n<p class=\"has-text-align-center has-text-color has-link-color wp-elements-6e3eba1dbfc50537960a45759f05e1c6\" style=\"color:#4b4234;padding-top:var(--wp--preset--spacing--40);padding-right:0;padding-bottom:var(--wp--preset--spacing--40);padding-left:0;font-size:clamp(1.039rem, 1.039rem + ((1vw - 0.2rem) * 0.955), 1.6rem);\">Olen koonnut Mets\u00e4stysoppaan<br>nimenomaan suomalaisille<br>mets\u00e4st\u00e4jille, jotka tahtovat<br>pident\u00e4\u00e4 mets\u00e4styskauttaan<br>jopa 4kk maailmanluokan<br>maisemissa.<\/p>\n\n\n\n<div class=\"wp-block-buttons has-custom-font-size is-horizontal is-content-justification-center is-nowrap is-layout-flex wp-container-core-buttons-is-layout-1 wp-block-buttons-is-layout-flex\" style=\"margin-top:0;margin-bottom:0;font-size:clamp(0.984rem, 0.984rem + ((1vw - 0.2rem) * 0.878), 1.5rem);\">\n<div class=\"wp-block-button has-custom-width wp-block-button__width-50 has-custom-font-size is-style-fill\" style=\"font-size:clamp(1.092rem, 1.092rem + ((1vw - 0.2rem) * 1.035), 1.7rem);\"><a class=\"wp-block-button__link has-text-color has-background has-link-color has-text-align-center wp-element-button\" href=\"http:\/\/www.suuntanapohjoisnorja.fi\/wp-content\/uploads\/2024\/07\/METSASTYSOPAS.pdf\" style=\"color:#000000;background-color:#f57208;padding-top:var(--wp--preset--spacing--small);padding-right:0;padding-bottom:var(--wp--preset--spacing--small);padding-left:0\"><em><strong>Lataa t\u00e4st\u00e4<\/strong><\/em><\/a><\/div>\n<\/div>\n<\/div><\/div>\n\n\n\n<div class=\"wp-block-cover alignfull is-light has-small-font-size wp-duotone-unset-1\" style=\"margin-top:var(--wp--preset--spacing--20);margin-bottom:var(--wp--preset--spacing--20);padding-top:var(--wp--preset--spacing--30);padding-right:var(--wp--preset--spacing--40);padding-bottom:var(--wp--preset--spacing--30);padding-left:var(--wp--preset--spacing--40);min-height:815px;aspect-ratio:unset;\"><span aria-hidden=\"true\" class=\"wp-block-cover__background has-background-dim-100 has-background-dim\" style=\"background-color:#f4f4f4\"><\/span><div class=\"wp-block-cover__inner-container is-layout-flow wp-block-cover-is-layout-flow\">\n<div class=\"wp-block-media-text alignwide has-media-on-the-right is-stacked-on-mobile is-vertically-aligned-center is-image-fill has-base-2-background-color has-background\" style=\"margin-top:0;margin-bottom:0;padding-top:0;padding-right:0;padding-bottom:0;padding-left:0;grid-template-columns:auto 45%\"><div class=\"wp-block-media-text__content\">\n<p class=\"has-text-align-center has-large-font-size\"><strong>TARVITSETKO MAJOITUSTA?<\/strong><\/p>\n\n\n\n<div style=\"height:24px\" aria-hidden=\"true\" class=\"wp-block-spacer\"><\/div>\n\n\n\n<p class=\"has-text-align-center has-text-color has-link-color wp-elements-2b941231bbb4212cc3412530716d8f6a\" style=\"color:#4b4234;font-size:clamp(0.984rem, 0.984rem + ((1vw - 0.2rem) * 0.878), 1.5rem);\">Meill\u00e4 on tiedossa useita<br>m\u00f6kkej\u00e4 sek\u00e4 muita<br>majoitusvaihtoehtoja, joita et voi<br>varata mist\u00e4\u00e4n muualta.<\/p>\n\n\n\n<p class=\"has-text-align-center has-text-color has-link-color wp-elements-4b9438d01027efe32bd48e6729fe1a5d\" style=\"color:#4b4234;font-size:clamp(0.984rem, 0.984rem + ((1vw - 0.2rem) * 0.878), 1.5rem);\"><br>Laita viesti\u00e4 ja kerro tarpeesi.<\/p>\n\n\n\n<div style=\"height:75px\" aria-hidden=\"true\" class=\"wp-block-spacer\"><\/div>\n<\/div><figure class=\"wp-block-media-text__media\" style=\"background-image:url(http:\/\/www.suuntanapohjoisnorja.fi\/wp-content\/uploads\/2024\/07\/3-1-1024x576.jpg);background-position:59% 37%\"><img decoding=\"async\" width=\"1024\" height=\"576\" src=\"http:\/\/www.suuntanapohjoisnorja.fi\/wp-content\/uploads\/2024\/07\/3-1-1024x576.jpg\" alt=\"\" class=\"wp-image-106 size-full\" srcset=\"https:\/\/www.suuntanapohjoisnorja.fi\/wp-content\/uploads\/2024\/07\/3-1-1024x576.jpg 1024w, https:\/\/www.suuntanapohjoisnorja.fi\/wp-content\/uploads\/2024\/07\/3-1-300x169.jpg 300w, https:\/\/www.suuntanapohjoisnorja.fi\/wp-content\/uploads\/2024\/07\/3-1-768x432.jpg 768w, https:\/\/www.suuntanapohjoisnorja.fi\/wp-content\/uploads\/2024\/07\/3-1-1536x864.jpg 1536w, https:\/\/www.suuntanapohjoisnorja.fi\/wp-content\/uploads\/2024\/07\/3-1-2048x1152.jpg 2048w\" sizes=\"(max-width: 1024px) 100vw, 1024px\" \/><\/figure><\/div>\n\n\n\n<div style=\"margin-top:var(--wp--preset--spacing--small);margin-bottom:var(--wp--preset--spacing--small);height:20px\" aria-hidden=\"true\" class=\"wp-block-spacer\"><\/div>\n\n\n\n<div class=\"wp-block-media-text alignwide is-stacked-on-mobile is-vertically-aligned-center is-image-fill has-base-2-background-color has-background\" style=\"grid-template-columns:46% auto\"><figure class=\"wp-block-media-text__media\" style=\"background-image:url(https:\/\/www.suuntanapohjoisnorja.fi\/wp-content\/uploads\/2024\/07\/2-1024x576.jpg);background-position:50% 50%\"><img decoding=\"async\" width=\"1024\" height=\"576\" src=\"https:\/\/www.suuntanapohjoisnorja.fi\/wp-content\/uploads\/2024\/07\/2-1024x576.jpg\" alt=\"\" class=\"wp-image-121 size-full\" srcset=\"https:\/\/www.suuntanapohjoisnorja.fi\/wp-content\/uploads\/2024\/07\/2-1024x576.jpg 1024w, https:\/\/www.suuntanapohjoisnorja.fi\/wp-content\/uploads\/2024\/07\/2-300x169.jpg 300w, https:\/\/www.suuntanapohjoisnorja.fi\/wp-content\/uploads\/2024\/07\/2-768x432.jpg 768w, https:\/\/www.suuntanapohjoisnorja.fi\/wp-content\/uploads\/2024\/07\/2-1536x864.jpg 1536w, https:\/\/www.suuntanapohjoisnorja.fi\/wp-content\/uploads\/2024\/07\/2-2048x1152.jpg 2048w\" sizes=\"(max-width: 1024px) 100vw, 1024px\" \/><\/figure><div class=\"wp-block-media-text__content\">\n<p class=\"has-text-align-center has-large-font-size\"><strong>JANOATKO EL\u00c4MYKSI\u00c4?<\/strong><\/p>\n\n\n\n<p class=\"has-text-align-center has-text-color has-link-color wp-elements-b51fb548d67e9cd1d04c597752b4f120\" style=\"color:#4b4234;padding-top:var(--wp--preset--spacing--10);padding-right:0;padding-bottom:var(--wp--preset--spacing--10);padding-left:0;font-size:clamp(1.092rem, 1.092rem + ((1vw - 0.2rem) * 1.035), 1.7rem);\">Pohjois Norja on t\u00e4ynn\u00e4 vaikuttavia el\u00e4myksi\u00e4 ymp\u00e4ri vuoden.<\/p>\n\n\n\n<ul style=\"color:#4b4234;font-size:clamp(0.984rem, 0.984rem + ((1vw - 0.2rem) * 0.878), 1.5rem);\" class=\"has-text-color has-link-color wp-elements-43cde0fcffba5f49cdf6366e8753d8f8\">\n<li>kuningasrapusafari<\/li>\n\n\n\n<li>valassafari<\/li>\n\n\n\n<li>lumikelkkailu<\/li>\n\n\n\n<li>helikopteriajelut<\/li>\n\n\n\n<li>kalastaminen<\/li>\n\n\n\n<li>revontulet<\/li>\n\n\n\n<li>vapaalaskettelu<\/li>\n\n\n\n<li>vaeltaminen<\/li>\n<\/ul>\n\n\n\n<p class=\"has-text-align-center has-text-color has-link-color wp-elements-199e05b6d9c6eeb0192d0e42c5580f99\" style=\"color:#4b4234;font-size:clamp(16.834px, 1.052rem + ((1vw - 3.2px) * 0.975), 26px);\">Voimme auttaa j\u00e4rjest\u00e4m\u00e4\u00e4n n\u00e4it\u00e4 palveluja.<\/p>\n<\/div><\/div>\n<\/div><\/div>\n<\/div><\/div>\n\n\n\n<div id=\"Yhteytt\u00e4\" class=\"wp-block-group is-style-column-box-shadow has-base-background-color has-text-color has-background has-link-color wp-elements-2c57e9f54e8408e64d29ba189b10308f is-layout-flow wp-block-group-is-layout-flow\" style=\"color:#000000\">\n<div style=\"height:80px\" aria-hidden=\"true\" class=\"wp-block-spacer\"><\/div>\n\n\n\n<p class=\"has-text-align-center has-text-color has-link-color has-large-font-size wp-elements-d942ddf3b28c983dae48e5d2fb90a03c\" style=\"color:#4b4234\"><strong>UUTISET, OPPAAT JA TARJOUKSET<\/strong>?<\/p>\n\n\n\n<p><\/p>\n\n\n\n<p class=\"has-text-align-center has-text-color has-link-color has-medium-font-size wp-elements-05ef1f99d694be1f3e81eec6aa060a61\" style=\"color:#4b4234\">Haluatko viimeisimm\u00e4t uutiset, oppaat ja tarjoukset s\u00e4hk\u00f6postiisi?<\/p>\n\n\n\n<p class=\"has-text-align-center has-text-color has-link-color has-medium-font-size wp-elements-f92c1a09e079432f613935fcd5d7bfed\" style=\"color:#4b4234\">Liity s\u00e4hk\u00f6postilistalle!<\/p>\n\n\n\n<div class=\"wp-block-group is-content-justification-center is-nowrap is-layout-flex wp-container-core-group-is-layout-1 wp-block-group-is-layout-flex\"><div class='fluentform ff-default fluentform_wrapper_3  ff_guten_block ff_guten_block-3 ffs_default_wrap'><form data-form_id=\"3\" id=\"fluentform_3\" class=\"frm-fluent-form fluent_form_3 ff-el-form-top ff_form_instance_3_1 ff-form-loading ffs_default\" data-form_instance=\"ff_form_instance_3_1\" method=\"POST\" ><fieldset  style=\"border: none!important;margin: 0!important;padding: 0!important;background-color: transparent!important;box-shadow: none!important;outline: none!important; min-inline-size: 100%;\">\n                    <legend class=\"ff_screen_reader_title\" style=\"display: block; margin: 0!important;padding: 0!important;height: 0!important;text-indent: -999999px;width: 0!important;overflow:hidden;\">Contact Form Demo (#3)<\/legend><input type='hidden' name='__fluent_form_embded_post_id' value='69' \/><input type=\"hidden\" id=\"_fluentform_3_fluentformnonce\" name=\"_fluentform_3_fluentformnonce\" value=\"31b9487774\" \/><input type=\"hidden\" name=\"_wp_http_referer\" value=\"\/index.php\/wp-json\/wp\/v2\/pages\/69\" \/><div class='ff-el-group'><div class=\"ff-el-input--label ff-el-is-required asterisk-right\"><label for='ff_3_email' id='label_ff_3_email' aria-label=\"S\u00e4hk\u00f6postiosoite\">S\u00e4hk\u00f6postiosoite<\/label><\/div><div class='ff-el-input--content'><input type=\"email\" name=\"email\" id=\"ff_3_email\" class=\"ff-el-form-control\" placeholder=\"S\u00e4hk\u00f6postiosoite\" data-name=\"email\"  aria-invalid=\"false\" aria-required=true><\/div><\/div><div class='ff-el-group ff-text-left ff_submit_btn_wrapper'><button type=\"submit\" class=\"ff-btn ff-btn-submit ff-btn-md ff_btn_style\"  aria-label=\"L\u00e4het\u00e4\">L\u00e4het\u00e4<\/button><\/div><\/fieldset><\/form><div id='fluentform_3_errors' class='ff-errors-in-stack ff_form_instance_3_1 ff-form-loading_errors ff_form_instance_3_1_errors'><\/div><\/div>            <script type=\"text\/javascript\">\n                window.fluent_form_ff_form_instance_3_1 = {\"id\":\"3\",\"ajaxUrl\":\"https:\\\/\\\/www.suuntanapohjoisnorja.fi\\\/wp-admin\\\/admin-ajax.php\",\"settings\":{\"layout\":{\"labelPlacement\":\"top\",\"helpMessagePlacement\":\"with_label\",\"errorMessagePlacement\":\"inline\",\"cssClassName\":\"\",\"asteriskPlacement\":\"asterisk-right\"},\"restrictions\":{\"denyEmptySubmission\":{\"enabled\":false}}},\"form_instance\":\"ff_form_instance_3_1\",\"form_id_selector\":\"fluentform_3\",\"rules\":{\"email\":{\"required\":{\"value\":true,\"message\":\"S\\u00e4hk\\u00f6postiosoitetta ei laitettu\",\"global\":false,\"global_message\":\"This field is required\"},\"email\":{\"value\":false,\"message\":\"This field must contain a valid email\",\"global\":true,\"global_message\":\"This field must contain a valid email\"}}},\"debounce_time\":300};\n                            <\/script>\n            <\/div>\n<\/div>\n\n\n\n<div class=\"wp-block-cover alignwide is-light is-style-default\" style=\"min-height:472px;aspect-ratio:unset;\" id=\"Yhteys\"><span aria-hidden=\"true\" class=\"wp-block-cover__background has-base-background-color has-background-dim-100 has-background-dim\"><\/span><div class=\"wp-block-cover__inner-container is-layout-flow wp-block-cover-is-layout-flow\">\n<div style=\"height:80px\" aria-hidden=\"true\" class=\"wp-block-spacer\"><\/div>\n\n\n\n<p class=\"has-text-align-center has-text-color has-link-color has-large-font-size wp-elements-16b1d98cded0cf6a5cc994edd1e8130b\" style=\"color:#4b4234\"><strong>OTA YHTEYTT\u00c4 JA<br>ANNA PALAUTETTA<\/strong><\/p>\n\n\n\n<p class=\"has-text-align-center has-text-color has-link-color wp-elements-f58a6d99f80586a77c11e4354f0c12df\" style=\"color:#4b4234;font-size:clamp(0.984rem, 0.984rem + ((1vw - 0.2rem) * 0.878), 1.5rem);\"><strong><a href=\"mailto:vanessa@suuntanapohjoisnorja.fi\">vanessa@suuntanapohjoisnorja.fi<\/a><\/strong><\/p>\n\n\n\n<p class=\"has-text-align-center has-text-color has-link-color has-medium-font-size wp-elements-fabd6e9edccbafe1b978ce400fff620c\" style=\"color:#4b4234\">P\u00e4ivit\u00e4mme sivuja jatkuvasti kattavammaksi.<\/p>\n\n\n\n<p class=\"has-text-align-center has-text-color has-link-color has-medium-font-size wp-elements-a62acba88f8aedd268301b4783a4b0be\" style=\"color:#4b4234\">Kerro, mit\u00e4 sivulta mielest\u00e4si puuttuu. Kuulemme mielell\u00e4mme<br>palautteesi.<\/p>\n\n\n\n<div style=\"height:85px\" aria-hidden=\"true\" class=\"wp-block-spacer\"><\/div>\n<\/div><\/div>\n\n\n\n<div style=\"height:100px\" aria-hidden=\"true\" class=\"wp-block-spacer\"><\/div>\n<\/div>\n","protected":false},"excerpt":{"rendered":"<p>UUTISET, OPPAAT JA TARJOUKSET? Haluatko viimeisimm\u00e4t uutiset, oppaat ja tarjoukset s\u00e4hk\u00f6postiisi? Liity s\u00e4hk\u00f6postilistalle!<\/p>\n","protected":false},"author":1,"featured_media":0,"parent":0,"menu_order":1,"comment_status":"closed","ping_status":"closed","template":"","meta":{"_eb_attr":"","footnotes":"[]"},"_links":{"self":[{"href":"https:\/\/www.suuntanapohjoisnorja.fi\/index.php\/wp-json\/wp\/v2\/pages\/69"}],"collection":[{"href":"https:\/\/www.suuntanapohjoisnorja.fi\/index.php\/wp-json\/wp\/v2\/pages"}],"about":[{"href":"https:\/\/www.suuntanapohjoisnorja.fi\/index.php\/wp-json\/wp\/v2\/types\/page"}],"author":[{"embeddable":true,"href":"https:\/\/www.suuntanapohjoisnorja.fi\/index.php\/wp-json\/wp\/v2\/users\/1"}],"replies":[{"embeddable":true,"href":"https:\/\/www.suuntanapohjoisnorja.fi\/index.php\/wp-json\/wp\/v2\/comments?post=69"}],"version-history":[{"count":116,"href":"https:\/\/www.suuntanapohjoisnorja.fi\/index.php\/wp-json\/wp\/v2\/pages\/69\/revisions"}],"predecessor-version":[{"id":506,"href":"https:\/\/www.suuntanapohjoisnorja.fi\/index.php\/wp-json\/wp\/v2\/pages\/69\/revisions\/506"}],"wp:attachment":[{"href":"https:\/\/www.suuntanapohjoisnorja.fi\/index.php\/wp-json\/wp\/v2\/media?parent=69"}],"curies":[{"name":"wp","href":"https:\/\/api.w.org\/{rel}","templated":true}]}}